{"id":1699,"date":"2022-12-20T10:43:10","date_gmt":"2022-12-20T10:43:10","guid":{"rendered":"https:\/\/ospeta.edu.ba\/bs\/?page_id=1699"},"modified":"2022-12-20T10:43:10","modified_gmt":"2022-12-20T10:43:10","slug":"korisni-linkovi","status":"publish","type":"page","link":"https:\/\/ospeta.edu.ba\/bs\/korisni-linkovi\/","title":{"rendered":"Korisni linkovi"},"content":{"rendered":"<p><strong>Korisni linkovi<\/strong><\/p>\n<ul>\n<li><a href=\"http:\/\/mon.ks.gov.ba\/\">Ministarstvo za obrazovanje, nauku i mlade<\/a><\/li>\n<li><a href=\"http:\/\/portal.skola.ba\/\">Web portal \u0161kola Kantona Sarajevo<\/a><\/li>\n<li><a href=\"http:\/\/porodicno.ba\/\">Porodi\u010dno savjetovali\u0161te Sarajevo<\/a><\/li>\n<li><a href=\"https:\/\/www.edmodo.com\/\">Obrazovna dru\u0161tvena mre\u017ea Edmodo<\/a><\/li>\n<li><a href=\"http:\/\/www.emis.matura.ba\/\">EMIS matura<\/a><\/li>\n<li><a href=\"https:\/\/www.osnovna.ba\/\">Osnovna.ba<\/a><\/li>\n<li><a href=\"https:\/\/e-dnevnik.edu.ba\/Account\/Login?ReturnUrl=%2F\">E-dnevnik<\/a><\/li>\n<\/ul>\n","protected":false},"excerpt":{"rendered":"<p>Korisni linkovi Ministarstvo za obrazovanje, nauku i mlade Web portal \u0161kola Kantona Sarajevo Porodi\u010dno savjetovali\u0161te Sarajevo Obrazovna dru\u0161tvena mre\u017ea Edmodo EMIS matura Osnovna.ba E-dnevnik<\/p>\n","protected":false},"author":1,"featured_media":0,"parent":0,"menu_order":0,"comment_status":"closed","ping_status":"closed","template":"","meta":{"footnotes":""},"class_list":["post-1699","page","type-page","status-publish","hentry"],"_links":{"self":[{"href":"https:\/\/ospeta.edu.ba\/bs\/wp-json\/wp\/v2\/pages\/1699","targetHints":{"allow":["GET"]}}],"collection":[{"href":"https:\/\/ospeta.edu.ba\/bs\/wp-json\/wp\/v2\/pages"}],"about":[{"href":"https:\/\/ospeta.edu.ba\/bs\/wp-json\/wp\/v2\/types\/page"}],"author":[{"embeddable":true,"href":"https:\/\/ospeta.edu.ba\/bs\/wp-json\/wp\/v2\/users\/1"}],"replies":[{"embeddable":true,"href":"https:\/\/ospeta.edu.ba\/bs\/wp-json\/wp\/v2\/comments?post=1699"}],"version-history":[{"count":1,"href":"https:\/\/ospeta.edu.ba\/bs\/wp-json\/wp\/v2\/pages\/1699\/revisions"}],"predecessor-version":[{"id":1700,"href":"https:\/\/ospeta.edu.ba\/bs\/wp-json\/wp\/v2\/pages\/1699\/revisions\/1700"}],"wp:attachment":[{"href":"https:\/\/ospeta.edu.ba\/bs\/wp-json\/wp\/v2\/media?parent=1699"}],"curies":[{"name":"wp","href":"https:\/\/api.w.org\/{rel}","templated":true}]}}