{"id":1682,"date":"2022-12-20T09:49:13","date_gmt":"2022-12-20T09:49:13","guid":{"rendered":"https:\/\/ospeta.edu.ba\/bs\/?page_id=1682"},"modified":"2023-01-29T17:58:16","modified_gmt":"2023-01-29T17:58:16","slug":"tehnicko-osoblje","status":"publish","type":"page","link":"https:\/\/ospeta.edu.ba\/bs\/tehnicko-osoblje\/","title":{"rendered":"Tehni\u010dko osoblje"},"content":{"rendered":"<div id=\"sc_team_881818864\" class=\"sc_team sc_team_style_team-5  sc_slider_nopagination sc_slider_nocontrols\" style=\"width:100%;\" data-interval=\"5082\" data-slides-per-view=\"4\"><div class=\"sc_columns columns_wrap\"><div class=\"column-1_4 column_padding_bottom\">\t\t\t<div id=\"sc_team_881818864_1\"\t\t\t\tclass=\"sc_team_item sc_team_item_1 odd first\"\n\t\t\t\t>\n\t\t\t\t<div class=\"sc_team_item_avatar\"><img loading=\"lazy\" decoding=\"async\" class=\"wp-post-image\" width=\"390\" height=\"390\" alt=\"Alija Fo\u010do, domar-lo\u017ea\u010d\" src=\"https:\/\/ospeta.edu.ba\/bs\/wp-content\/uploads\/2015\/07\/bg_blue-390x390.jpg\">\t\t\t\t\t<div class=\"sc_team_item_hover\">\n\t\t\t\t\t\t<div class=\"sc_team_item_socials\"><\/div>\n\t\t\t\t\t<\/div>\n\t\t\t\t<\/div>\n\t\t\t\t<div class=\"sc_team_item_info\">\n\t\t\t\t\t<h5 class=\"sc_team_item_title\"><a href=\"https:\/\/ospeta.edu.ba\/bs\/team\/alija-foco-domar-lozac\/\">Alija Fo\u010do, domar-lo\u017ea\u010d<\/a><\/h5>\n\t\t\t\t\t<div class=\"sc_team_item_position\"><\/div>\n\t\t\t\t<\/div>\n\t\t\t<\/div>\n\t\t<\/div><div class=\"column-1_4 column_padding_bottom\">\t\t\t<div id=\"sc_team_881818864_2\"\t\t\t\tclass=\"sc_team_item sc_team_item_2 even\"\n\t\t\t\t>\n\t\t\t\t<div class=\"sc_team_item_avatar\"><img loading=\"lazy\" decoding=\"async\" class=\"wp-post-image\" width=\"390\" height=\"390\" alt=\"Ernad Lati\u0107, domar\" src=\"https:\/\/ospeta.edu.ba\/bs\/wp-content\/uploads\/2015\/07\/bg_blue-390x390.jpg\">\t\t\t\t\t<div class=\"sc_team_item_hover\">\n\t\t\t\t\t\t<div class=\"sc_team_item_socials\"><\/div>\n\t\t\t\t\t<\/div>\n\t\t\t\t<\/div>\n\t\t\t\t<div class=\"sc_team_item_info\">\n\t\t\t\t\t<h5 class=\"sc_team_item_title\"><a href=\"https:\/\/ospeta.edu.ba\/bs\/team\/ernad-latic-domar\/\">Ernad Lati\u0107, domar<\/a><\/h5>\n\t\t\t\t\t<div class=\"sc_team_item_position\"><\/div>\n\t\t\t\t<\/div>\n\t\t\t<\/div>\n\t\t<\/div><div class=\"column-1_4 column_padding_bottom\">\t\t\t<div id=\"sc_team_881818864_3\"\t\t\t\tclass=\"sc_team_item sc_team_item_3 odd\"\n\t\t\t\t>\n\t\t\t\t<div class=\"sc_team_item_avatar\"><img loading=\"lazy\" decoding=\"async\" class=\"wp-post-image\" width=\"390\" height=\"390\" alt=\"Nermin Vreto, dnevni \u010duvar\" src=\"https:\/\/ospeta.edu.ba\/bs\/wp-content\/uploads\/2015\/07\/bg_blue-390x390.jpg\">\t\t\t\t\t<div class=\"sc_team_item_hover\">\n\t\t\t\t\t\t<div class=\"sc_team_item_socials\"><\/div>\n\t\t\t\t\t<\/div>\n\t\t\t\t<\/div>\n\t\t\t\t<div class=\"sc_team_item_info\">\n\t\t\t\t\t<h5 class=\"sc_team_item_title\"><a href=\"https:\/\/ospeta.edu.ba\/bs\/team\/nermin-vreto-dnevni-cuvar\/\">Nermin Vreto, dnevni \u010duvar<\/a><\/h5>\n\t\t\t\t\t<div class=\"sc_team_item_position\"><\/div>\n\t\t\t\t<\/div>\n\t\t\t<\/div>\n\t\t<\/div><div class=\"column-1_4 column_padding_bottom\">\t\t\t<div id=\"sc_team_881818864_4\"\t\t\t\tclass=\"sc_team_item sc_team_item_4 even\"\n\t\t\t\t>\n\t\t\t\t<div class=\"sc_team_item_avatar\"><img loading=\"lazy\" decoding=\"async\" class=\"wp-post-image\" width=\"390\" height=\"390\" alt=\"Kaduna Ho\u0161i\u0107, hiijeni\u010darka\" src=\"https:\/\/ospeta.edu.ba\/bs\/wp-content\/uploads\/2015\/07\/bg_blue-390x390.jpg\">\t\t\t\t\t<div class=\"sc_team_item_hover\">\n\t\t\t\t\t\t<div class=\"sc_team_item_socials\"><\/div>\n\t\t\t\t\t<\/div>\n\t\t\t\t<\/div>\n\t\t\t\t<div class=\"sc_team_item_info\">\n\t\t\t\t\t<h5 class=\"sc_team_item_title\"><a href=\"https:\/\/ospeta.edu.ba\/bs\/team\/kaduna-hosic-hiijenicarka\/\">Kaduna Ho\u0161i\u0107, hiijeni\u010darka<\/a><\/h5>\n\t\t\t\t\t<div class=\"sc_team_item_position\"><\/div>\n\t\t\t\t<\/div>\n\t\t\t<\/div>\n\t\t<\/div><div class=\"column-1_4 column_padding_bottom\">\t\t\t<div id=\"sc_team_881818864_5\"\t\t\t\tclass=\"sc_team_item sc_team_item_5 odd\"\n\t\t\t\t>\n\t\t\t\t<div class=\"sc_team_item_avatar\"><img loading=\"lazy\" decoding=\"async\" class=\"wp-post-image\" width=\"390\" height=\"390\" alt=\"Jasmina Fo\u010do, higijeni\u010darka\" src=\"https:\/\/ospeta.edu.ba\/bs\/wp-content\/uploads\/2015\/07\/bg_blue-390x390.jpg\">\t\t\t\t\t<div class=\"sc_team_item_hover\">\n\t\t\t\t\t\t<div class=\"sc_team_item_socials\"><\/div>\n\t\t\t\t\t<\/div>\n\t\t\t\t<\/div>\n\t\t\t\t<div class=\"sc_team_item_info\">\n\t\t\t\t\t<h5 class=\"sc_team_item_title\"><a href=\"https:\/\/ospeta.edu.ba\/bs\/team\/jasmina-foco-higijenicarka\/\">Jasmina Fo\u010do, higijeni\u010darka<\/a><\/h5>\n\t\t\t\t\t<div class=\"sc_team_item_position\"><\/div>\n\t\t\t\t<\/div>\n\t\t\t<\/div>\n\t\t<\/div><div class=\"column-1_4 column_padding_bottom\">\t\t\t<div id=\"sc_team_881818864_6\"\t\t\t\tclass=\"sc_team_item sc_team_item_6 even\"\n\t\t\t\t>\n\t\t\t\t<div class=\"sc_team_item_avatar\"><img loading=\"lazy\" decoding=\"async\" class=\"wp-post-image\" width=\"390\" height=\"390\" alt=\"Sadiha Glibo, higijeni\u010darka\" src=\"https:\/\/ospeta.edu.ba\/bs\/wp-content\/uploads\/2015\/07\/bg_blue-390x390.jpg\">\t\t\t\t\t<div class=\"sc_team_item_hover\">\n\t\t\t\t\t\t<div class=\"sc_team_item_socials\"><\/div>\n\t\t\t\t\t<\/div>\n\t\t\t\t<\/div>\n\t\t\t\t<div class=\"sc_team_item_info\">\n\t\t\t\t\t<h5 class=\"sc_team_item_title\"><a href=\"https:\/\/ospeta.edu.ba\/bs\/team\/sadiha-glibo-higijenicarka\/\">Sadiha Glibo, higijeni\u010darka<\/a><\/h5>\n\t\t\t\t\t<div class=\"sc_team_item_position\"><\/div>\n\t\t\t\t<\/div>\n\t\t\t<\/div>\n\t\t<\/div><div class=\"column-1_4 column_padding_bottom\">\t\t\t<div id=\"sc_team_881818864_7\"\t\t\t\tclass=\"sc_team_item sc_team_item_7 odd\"\n\t\t\t\t>\n\t\t\t\t<div class=\"sc_team_item_avatar\"><img loading=\"lazy\" decoding=\"async\" class=\"wp-post-image\" width=\"390\" height=\"390\" alt=\"Sabina Bor\u010dak, higijeni\u010darka\" src=\"https:\/\/ospeta.edu.ba\/bs\/wp-content\/uploads\/2015\/07\/bg_blue-390x390.jpg\">\t\t\t\t\t<div class=\"sc_team_item_hover\">\n\t\t\t\t\t\t<div class=\"sc_team_item_socials\"><\/div>\n\t\t\t\t\t<\/div>\n\t\t\t\t<\/div>\n\t\t\t\t<div class=\"sc_team_item_info\">\n\t\t\t\t\t<h5 class=\"sc_team_item_title\"><a href=\"https:\/\/ospeta.edu.ba\/bs\/team\/sabina-borcak-higijenicarka\/\">Sabina Bor\u010dak, higijeni\u010darka<\/a><\/h5>\n\t\t\t\t\t<div class=\"sc_team_item_position\"><\/div>\n\t\t\t\t<\/div>\n\t\t\t<\/div>\n\t\t<\/div><div class=\"column-1_4 column_padding_bottom\">\t\t\t<div id=\"sc_team_881818864_8\"\t\t\t\tclass=\"sc_team_item sc_team_item_8 even\"\n\t\t\t\t>\n\t\t\t\t<div class=\"sc_team_item_avatar\"><img loading=\"lazy\" decoding=\"async\" class=\"wp-post-image\" width=\"390\" height=\"390\" alt=\"Mu\u0161ka Mili\u0161i\u0107, higijeni\u010darka\" src=\"https:\/\/ospeta.edu.ba\/bs\/wp-content\/uploads\/2015\/07\/bg_blue-390x390.jpg\">\t\t\t\t\t<div class=\"sc_team_item_hover\">\n\t\t\t\t\t\t<div class=\"sc_team_item_socials\"><\/div>\n\t\t\t\t\t<\/div>\n\t\t\t\t<\/div>\n\t\t\t\t<div class=\"sc_team_item_info\">\n\t\t\t\t\t<h5 class=\"sc_team_item_title\"><a href=\"https:\/\/ospeta.edu.ba\/bs\/team\/muska-milisic-higijenicarka\/\">Mu\u0161ka Mili\u0161i\u0107, higijeni\u010darka<\/a><\/h5>\n\t\t\t\t\t<div class=\"sc_team_item_position\"><\/div>\n\t\t\t\t<\/div>\n\t\t\t<\/div>\n\t\t<\/div><div class=\"column-1_4 column_padding_bottom\">\t\t\t<div id=\"sc_team_881818864_9\"\t\t\t\tclass=\"sc_team_item sc_team_item_9 odd\"\n\t\t\t\t>\n\t\t\t\t<div class=\"sc_team_item_avatar\"><img loading=\"lazy\" decoding=\"async\" class=\"wp-post-image\" width=\"390\" height=\"390\" alt=\"Indira \u010colpa, higijeni\u010darka\" src=\"https:\/\/ospeta.edu.ba\/bs\/wp-content\/uploads\/2015\/07\/bg_blue-390x390.jpg\">\t\t\t\t\t<div class=\"sc_team_item_hover\">\n\t\t\t\t\t\t<div class=\"sc_team_item_socials\"><\/div>\n\t\t\t\t\t<\/div>\n\t\t\t\t<\/div>\n\t\t\t\t<div class=\"sc_team_item_info\">\n\t\t\t\t\t<h5 class=\"sc_team_item_title\"><a href=\"https:\/\/ospeta.edu.ba\/bs\/team\/indira-colpa-higijenicarka\/\">Indira \u010colpa, higijeni\u010darka<\/a><\/h5>\n\t\t\t\t\t<div class=\"sc_team_item_position\"><\/div>\n\t\t\t\t<\/div>\n\t\t\t<\/div>\n\t\t<\/div><div class=\"column-1_4 column_padding_bottom\">\t\t\t<div id=\"sc_team_881818864_10\"\t\t\t\tclass=\"sc_team_item sc_team_item_10 even\"\n\t\t\t\t>\n\t\t\t\t<div class=\"sc_team_item_avatar\"><img loading=\"lazy\" decoding=\"async\" class=\"wp-post-image\" width=\"390\" height=\"390\" alt=\"Almira Memi\u0107, higijeni\u010darka\" src=\"https:\/\/ospeta.edu.ba\/bs\/wp-content\/uploads\/2015\/07\/bg_blue-390x390.jpg\">\t\t\t\t\t<div class=\"sc_team_item_hover\">\n\t\t\t\t\t\t<div class=\"sc_team_item_socials\"><\/div>\n\t\t\t\t\t<\/div>\n\t\t\t\t<\/div>\n\t\t\t\t<div class=\"sc_team_item_info\">\n\t\t\t\t\t<h5 class=\"sc_team_item_title\"><a href=\"https:\/\/ospeta.edu.ba\/bs\/team\/almira-memic-higijenicarka\/\">Almira Memi\u0107, higijeni\u010darka<\/a><\/h5>\n\t\t\t\t\t<div class=\"sc_team_item_position\"><\/div>\n\t\t\t\t<\/div>\n\t\t\t<\/div>\n\t\t<\/div><div class=\"column-1_4 column_padding_bottom\">\t\t\t<div id=\"sc_team_881818864_11\"\t\t\t\tclass=\"sc_team_item sc_team_item_11 odd\"\n\t\t\t\t>\n\t\t\t\t<div class=\"sc_team_item_avatar\"><img loading=\"lazy\" decoding=\"async\" class=\"wp-post-image\" width=\"390\" height=\"390\" alt=\"Tima Bublin, servirka\" src=\"https:\/\/ospeta.edu.ba\/bs\/wp-content\/uploads\/2015\/07\/bg_blue-390x390.jpg\">\t\t\t\t\t<div class=\"sc_team_item_hover\">\n\t\t\t\t\t\t<div class=\"sc_team_item_socials\"><\/div>\n\t\t\t\t\t<\/div>\n\t\t\t\t<\/div>\n\t\t\t\t<div class=\"sc_team_item_info\">\n\t\t\t\t\t<h5 class=\"sc_team_item_title\"><a href=\"https:\/\/ospeta.edu.ba\/bs\/team\/tima-bublin-servirka\/\">Tima Bublin, servirka<\/a><\/h5>\n\t\t\t\t\t<div class=\"sc_team_item_position\"><\/div>\n\t\t\t\t<\/div>\n\t\t\t<\/div>\n\t\t<\/div><\/div><\/div>\n","protected":false},"excerpt":{"rendered":"[vc_row][vc_column width=\"7\/12\"]Tima Bublin[vc_column_text css=\".vc_custom_1675014940953{margin-top: 0.05px !important;}\" el_class=\"lh\"]Servirka &nbsp; [\/vc_column_text][\/vc_column][\/vc_row]","protected":false},"author":1,"featured_media":0,"parent":0,"menu_order":0,"comment_status":"closed","ping_status":"closed","template":"","meta":{"footnotes":""},"class_list":["post-1682","page","type-page","status-publish","hentry"],"_links":{"self":[{"href":"https:\/\/ospeta.edu.ba\/bs\/wp-json\/wp\/v2\/pages\/1682","targetHints":{"allow":["GET"]}}],"collection":[{"href":"https:\/\/ospeta.edu.ba\/bs\/wp-json\/wp\/v2\/pages"}],"about":[{"href":"https:\/\/ospeta.edu.ba\/bs\/wp-json\/wp\/v2\/types\/page"}],"author":[{"embeddable":true,"href":"https:\/\/ospeta.edu.ba\/bs\/wp-json\/wp\/v2\/users\/1"}],"replies":[{"embeddable":true,"href":"https:\/\/ospeta.edu.ba\/bs\/wp-json\/wp\/v2\/comments?post=1682"}],"version-history":[{"count":2,"href":"https:\/\/ospeta.edu.ba\/bs\/wp-json\/wp\/v2\/pages\/1682\/revisions"}],"predecessor-version":[{"id":1815,"href":"https:\/\/ospeta.edu.ba\/bs\/wp-json\/wp\/v2\/pages\/1682\/revisions\/1815"}],"wp:attachment":[{"href":"https:\/\/ospeta.edu.ba\/bs\/wp-json\/wp\/v2\/media?parent=1682"}],"curies":[{"name":"wp","href":"https:\/\/api.w.org\/{rel}","templated":true}]}}