{"id":1680,"date":"2022-12-20T09:48:37","date_gmt":"2022-12-20T09:48:37","guid":{"rendered":"https:\/\/ospeta.edu.ba\/bs\/?page_id=1680"},"modified":"2023-02-07T13:37:03","modified_gmt":"2023-02-07T13:37:03","slug":"skolski-odbor","status":"publish","type":"page","link":"https:\/\/ospeta.edu.ba\/bs\/skolski-odbor\/","title":{"rendered":"\u0160kolski odbor"},"content":{"rendered":"<div id=\"sc_team_1528497264\" class=\"sc_team sc_team_style_team-5  sc_slider_nopagination sc_slider_nocontrols\" style=\"width:100%;\" data-interval=\"6777\" data-slides-per-view=\"4\"><div class=\"sc_columns columns_wrap\"><div class=\"column-1_4 column_padding_bottom\">\t\t\t<div id=\"sc_team_1528497264_1\"\t\t\t\tclass=\"sc_team_item sc_team_item_1 odd first\"\n\t\t\t\t>\n\t\t\t\t<div class=\"sc_team_item_avatar\"><img loading=\"lazy\" decoding=\"async\" class=\"wp-post-image\" width=\"390\" height=\"390\" alt=\"Mirza Ogri\u0107,  V.D predsjednika \u0160kolskog odbora\" src=\"https:\/\/ospeta.edu.ba\/bs\/wp-content\/uploads\/2015\/07\/bg_blue-390x390.jpg\">\t\t\t\t\t<div class=\"sc_team_item_hover\">\n\t\t\t\t\t\t<div class=\"sc_team_item_socials\"><\/div>\n\t\t\t\t\t<\/div>\n\t\t\t\t<\/div>\n\t\t\t\t<div class=\"sc_team_item_info\">\n\t\t\t\t\t<h5 class=\"sc_team_item_title\"><a href=\"https:\/\/ospeta.edu.ba\/bs\/team\/irfan-djaltur-predsjednik-skolskog-odbora\/\">Mirza Ogri\u0107,  V.D predsjednika \u0160kolskog odbora<\/a><\/h5>\n\t\t\t\t\t<div class=\"sc_team_item_position\"><\/div>\n\t\t\t\t<\/div>\n\t\t\t<\/div>\n\t\t<\/div><div class=\"column-1_4 column_padding_bottom\">\t\t\t<div id=\"sc_team_1528497264_2\"\t\t\t\tclass=\"sc_team_item sc_team_item_2 even\"\n\t\t\t\t>\n\t\t\t\t<div class=\"sc_team_item_avatar\"><img loading=\"lazy\" decoding=\"async\" class=\"wp-post-image\" width=\"390\" height=\"390\" alt=\"Refija Butkovi\u0107, \u010dlan \u0160kolskog odbora\" src=\"https:\/\/ospeta.edu.ba\/bs\/wp-content\/uploads\/2015\/07\/bg_blue-390x390.jpg\">\t\t\t\t\t<div class=\"sc_team_item_hover\">\n\t\t\t\t\t\t<div class=\"sc_team_item_socials\"><\/div>\n\t\t\t\t\t<\/div>\n\t\t\t\t<\/div>\n\t\t\t\t<div class=\"sc_team_item_info\">\n\t\t\t\t\t<h5 class=\"sc_team_item_title\"><a href=\"https:\/\/ospeta.edu.ba\/bs\/team\/refija-butkovic-clan-skolskog-odbora\/\">Refija Butkovi\u0107, \u010dlan \u0160kolskog odbora<\/a><\/h5>\n\t\t\t\t\t<div class=\"sc_team_item_position\"><\/div>\n\t\t\t\t<\/div>\n\t\t\t<\/div>\n\t\t<\/div><div class=\"column-1_4 column_padding_bottom\">\t\t\t<div id=\"sc_team_1528497264_3\"\t\t\t\tclass=\"sc_team_item sc_team_item_3 odd\"\n\t\t\t\t>\n\t\t\t\t<div class=\"sc_team_item_avatar\"><img loading=\"lazy\" decoding=\"async\" class=\"wp-post-image\" width=\"390\" height=\"390\" alt=\"Asmir Pra\u0161evi\u0107, \u010dlan \u0160kolskog odbora\" src=\"https:\/\/ospeta.edu.ba\/bs\/wp-content\/uploads\/2015\/07\/bg_blue-390x390.jpg\">\t\t\t\t\t<div class=\"sc_team_item_hover\">\n\t\t\t\t\t\t<div class=\"sc_team_item_socials\"><\/div>\n\t\t\t\t\t<\/div>\n\t\t\t\t<\/div>\n\t\t\t\t<div class=\"sc_team_item_info\">\n\t\t\t\t\t<h5 class=\"sc_team_item_title\"><a href=\"https:\/\/ospeta.edu.ba\/bs\/team\/asmir-prasevic-clan-skolskog-odbora\/\">Asmir Pra\u0161evi\u0107, \u010dlan \u0160kolskog odbora<\/a><\/h5>\n\t\t\t\t\t<div class=\"sc_team_item_position\"><\/div>\n\t\t\t\t<\/div>\n\t\t\t<\/div>\n\t\t<\/div><div class=\"column-1_4 column_padding_bottom\">\t\t\t<div id=\"sc_team_1528497264_4\"\t\t\t\tclass=\"sc_team_item sc_team_item_4 even\"\n\t\t\t\t>\n\t\t\t\t<div class=\"sc_team_item_avatar\"><img loading=\"lazy\" decoding=\"async\" class=\"wp-post-image\" width=\"390\" height=\"390\" alt=\"Senada Mahmutovi\u0107, \u010dlan \u0160kolskog odbora\" src=\"https:\/\/ospeta.edu.ba\/bs\/wp-content\/uploads\/2015\/07\/bg_blue-390x390.jpg\">\t\t\t\t\t<div class=\"sc_team_item_hover\">\n\t\t\t\t\t\t<div class=\"sc_team_item_socials\"><\/div>\n\t\t\t\t\t<\/div>\n\t\t\t\t<\/div>\n\t\t\t\t<div class=\"sc_team_item_info\">\n\t\t\t\t\t<h5 class=\"sc_team_item_title\"><a href=\"https:\/\/ospeta.edu.ba\/bs\/team\/senada-mahmutovic-clan-skolskog-odbora\/\">Senada Mahmutovi\u0107, \u010dlan \u0160kolskog odbora<\/a><\/h5>\n\t\t\t\t\t<div class=\"sc_team_item_position\"><\/div>\n\t\t\t\t<\/div>\n\t\t\t<\/div>\n\t\t<\/div><\/div><\/div>\n","protected":false},"excerpt":{"rendered":"[vc_row][\/vc_row][vc_column width=\"7\/12\"][\/vc_column]Senada Mahmutovi\u0107, predstavnika radnika JU \"Pete osnovne \u0161kole\"","protected":false},"author":1,"featured_media":0,"parent":0,"menu_order":0,"comment_status":"closed","ping_status":"closed","template":"","meta":{"footnotes":""},"class_list":["post-1680","page","type-page","status-publish","hentry"],"_links":{"self":[{"href":"https:\/\/ospeta.edu.ba\/bs\/wp-json\/wp\/v2\/pages\/1680","targetHints":{"allow":["GET"]}}],"collection":[{"href":"https:\/\/ospeta.edu.ba\/bs\/wp-json\/wp\/v2\/pages"}],"about":[{"href":"https:\/\/ospeta.edu.ba\/bs\/wp-json\/wp\/v2\/types\/page"}],"author":[{"embeddable":true,"href":"https:\/\/ospeta.edu.ba\/bs\/wp-json\/wp\/v2\/users\/1"}],"replies":[{"embeddable":true,"href":"https:\/\/ospeta.edu.ba\/bs\/wp-json\/wp\/v2\/comments?post=1680"}],"version-history":[{"count":2,"href":"https:\/\/ospeta.edu.ba\/bs\/wp-json\/wp\/v2\/pages\/1680\/revisions"}],"predecessor-version":[{"id":1846,"href":"https:\/\/ospeta.edu.ba\/bs\/wp-json\/wp\/v2\/pages\/1680\/revisions\/1846"}],"wp:attachment":[{"href":"https:\/\/ospeta.edu.ba\/bs\/wp-json\/wp\/v2\/media?parent=1680"}],"curies":[{"name":"wp","href":"https:\/\/api.w.org\/{rel}","templated":true}]}}