{"id":1678,"date":"2022-12-20T09:47:40","date_gmt":"2022-12-20T09:47:40","guid":{"rendered":"https:\/\/ospeta.edu.ba\/bs\/?page_id=1678"},"modified":"2023-02-07T14:23:33","modified_gmt":"2023-02-07T14:23:33","slug":"uprava-i-strucni-saradnici","status":"publish","type":"page","link":"https:\/\/ospeta.edu.ba\/bs\/uprava-i-strucni-saradnici\/","title":{"rendered":"Uprava i stru\u010dni saradnici"},"content":{"rendered":"<div id=\"sc_team_2069989122\" class=\"sc_team sc_team_style_team-5  sc_slider_nopagination sc_slider_nocontrols\" style=\"width:100%;\" data-interval=\"8030\" data-slides-per-view=\"4\"><div class=\"sc_columns columns_wrap\"><div class=\"column-1_4 column_padding_bottom\">\t\t\t<div id=\"sc_team_2069989122_1\"\t\t\t\tclass=\"sc_team_item sc_team_item_1 odd first\"\n\t\t\t\t>\n\t\t\t\t<div class=\"sc_team_item_avatar\"><img loading=\"lazy\" decoding=\"async\" class=\"wp-post-image\" width=\"390\" height=\"390\" alt=\"Elvira Hrustanovi\u0107, pomo\u0107nica direktorice \u0161kole\" src=\"https:\/\/ospeta.edu.ba\/bs\/wp-content\/uploads\/2015\/07\/bg_blue-390x390.jpg\">\t\t\t\t\t<div class=\"sc_team_item_hover\">\n\t\t\t\t\t\t<div class=\"sc_team_item_socials\"><\/div>\n\t\t\t\t\t<\/div>\n\t\t\t\t<\/div>\n\t\t\t\t<div class=\"sc_team_item_info\">\n\t\t\t\t\t<h5 class=\"sc_team_item_title\"><a href=\"https:\/\/ospeta.edu.ba\/bs\/team\/elvira-hrustanovic\/\">Elvira Hrustanovi\u0107, pomo\u0107nica direktorice \u0161kole<\/a><\/h5>\n\t\t\t\t\t<div class=\"sc_team_item_position\"><\/div>\n\t\t\t\t<\/div>\n\t\t\t<\/div>\n\t\t<\/div><div class=\"column-1_4 column_padding_bottom\">\t\t\t<div id=\"sc_team_2069989122_2\"\t\t\t\tclass=\"sc_team_item sc_team_item_2 even\"\n\t\t\t\t>\n\t\t\t\t<div class=\"sc_team_item_avatar\"><img loading=\"lazy\" decoding=\"async\" class=\"wp-post-image\" width=\"390\" height=\"390\" alt=\"Adela \u0106esko, pedagogica \u0161kole\" src=\"https:\/\/ospeta.edu.ba\/bs\/wp-content\/uploads\/2015\/07\/bg_blue-390x390.jpg\">\t\t\t\t\t<div class=\"sc_team_item_hover\">\n\t\t\t\t\t\t<div class=\"sc_team_item_socials\"><\/div>\n\t\t\t\t\t<\/div>\n\t\t\t\t<\/div>\n\t\t\t\t<div class=\"sc_team_item_info\">\n\t\t\t\t\t<h5 class=\"sc_team_item_title\"><a href=\"https:\/\/ospeta.edu.ba\/bs\/team\/azra-fejzic\/\">Adela \u0106esko, pedagogica \u0161kole<\/a><\/h5>\n\t\t\t\t\t<div class=\"sc_team_item_position\"><\/div>\n\t\t\t\t<\/div>\n\t\t\t<\/div>\n\t\t<\/div><div class=\"column-1_4 column_padding_bottom\">\t\t\t<div id=\"sc_team_2069989122_3\"\t\t\t\tclass=\"sc_team_item sc_team_item_3 odd\"\n\t\t\t\t>\n\t\t\t\t<div class=\"sc_team_item_avatar\"><img loading=\"lazy\" decoding=\"async\" class=\"wp-post-image\" width=\"390\" height=\"390\" alt=\"Almira Muratspahi\u0107, direktorica \u0161kole\" src=\"https:\/\/ospeta.edu.ba\/bs\/wp-content\/uploads\/2015\/07\/bg_blue-390x390.jpg\">\t\t\t\t\t<div class=\"sc_team_item_hover\">\n\t\t\t\t\t\t<div class=\"sc_team_item_socials\"><\/div>\n\t\t\t\t\t<\/div>\n\t\t\t\t<\/div>\n\t\t\t\t<div class=\"sc_team_item_info\">\n\t\t\t\t\t<h5 class=\"sc_team_item_title\"><a href=\"https:\/\/ospeta.edu.ba\/bs\/team\/almira-muratspahic\/\">Almira Muratspahi\u0107, direktorica \u0161kole<\/a><\/h5>\n\t\t\t\t\t<div class=\"sc_team_item_position\"><\/div>\n\t\t\t\t<\/div>\n\t\t\t<\/div>\n\t\t<\/div><div class=\"column-1_4 column_padding_bottom\">\t\t\t<div id=\"sc_team_2069989122_4\"\t\t\t\tclass=\"sc_team_item sc_team_item_4 even\"\n\t\t\t\t>\n\t\t\t\t<div class=\"sc_team_item_avatar\"><img loading=\"lazy\" decoding=\"async\" class=\"wp-post-image\" width=\"390\" height=\"390\" alt=\"Alen Fati\u0107, sekretar \u0161kole\" src=\"https:\/\/ospeta.edu.ba\/bs\/wp-content\/uploads\/2015\/07\/bg_blue-390x390.jpg\">\t\t\t\t\t<div class=\"sc_team_item_hover\">\n\t\t\t\t\t\t<div class=\"sc_team_item_socials\"><\/div>\n\t\t\t\t\t<\/div>\n\t\t\t\t<\/div>\n\t\t\t\t<div class=\"sc_team_item_info\">\n\t\t\t\t\t<h5 class=\"sc_team_item_title\"><a href=\"https:\/\/ospeta.edu.ba\/bs\/team\/alen-fatic\/\">Alen Fati\u0107, sekretar \u0161kole<\/a><\/h5>\n\t\t\t\t\t<div class=\"sc_team_item_position\"><\/div>\n\t\t\t\t<\/div>\n\t\t\t<\/div>\n\t\t<\/div><div class=\"column-1_4 column_padding_bottom\">\t\t\t<div id=\"sc_team_2069989122_5\"\t\t\t\tclass=\"sc_team_item sc_team_item_5 odd\"\n\t\t\t\t>\n\t\t\t\t<div class=\"sc_team_item_avatar\"><img loading=\"lazy\" decoding=\"async\" class=\"wp-post-image\" width=\"390\" height=\"390\" alt=\"Alisa Mehmedspahi\u0107, psiholog\" src=\"https:\/\/ospeta.edu.ba\/bs\/wp-content\/uploads\/2015\/07\/bg_blue-390x390.jpg\">\t\t\t\t\t<div class=\"sc_team_item_hover\">\n\t\t\t\t\t\t<div class=\"sc_team_item_socials\"><\/div>\n\t\t\t\t\t<\/div>\n\t\t\t\t<\/div>\n\t\t\t\t<div class=\"sc_team_item_info\">\n\t\t\t\t\t<h5 class=\"sc_team_item_title\"><a href=\"https:\/\/ospeta.edu.ba\/bs\/team\/alisa-mehmedspahic\/\">Alisa Mehmedspahi\u0107, psiholog<\/a><\/h5>\n\t\t\t\t\t<div class=\"sc_team_item_position\"><\/div>\n\t\t\t\t<\/div>\n\t\t\t<\/div>\n\t\t<\/div><div class=\"column-1_4 column_padding_bottom\">\t\t\t<div id=\"sc_team_2069989122_6\"\t\t\t\tclass=\"sc_team_item sc_team_item_6 even\"\n\t\t\t\t>\n\t\t\t\t<div class=\"sc_team_item_avatar\"><img loading=\"lazy\" decoding=\"async\" class=\"wp-post-image\" width=\"390\" height=\"390\" alt=\"Alma Muratovi\u0107, asistent u nastavi\" src=\"https:\/\/ospeta.edu.ba\/bs\/wp-content\/uploads\/2015\/07\/bg_blue-390x390.jpg\">\t\t\t\t\t<div class=\"sc_team_item_hover\">\n\t\t\t\t\t\t<div class=\"sc_team_item_socials\"><\/div>\n\t\t\t\t\t<\/div>\n\t\t\t\t<\/div>\n\t\t\t\t<div class=\"sc_team_item_info\">\n\t\t\t\t\t<h5 class=\"sc_team_item_title\"><a href=\"https:\/\/ospeta.edu.ba\/bs\/team\/alma-muratovic-asistent-u-nastavi\/\">Alma Muratovi\u0107, asistent u nastavi<\/a><\/h5>\n\t\t\t\t\t<div class=\"sc_team_item_position\"><\/div>\n\t\t\t\t<\/div>\n\t\t\t<\/div>\n\t\t<\/div><div class=\"column-1_4 column_padding_bottom\">\t\t\t<div id=\"sc_team_2069989122_7\"\t\t\t\tclass=\"sc_team_item sc_team_item_7 odd\"\n\t\t\t\t>\n\t\t\t\t<div class=\"sc_team_item_avatar\"><img loading=\"lazy\" decoding=\"async\" class=\"wp-post-image\" width=\"390\" height=\"390\" alt=\"Sulejman Hasi\u0107, bibliotekar\" src=\"https:\/\/ospeta.edu.ba\/bs\/wp-content\/uploads\/2015\/07\/bg_blue-390x390.jpg\">\t\t\t\t\t<div class=\"sc_team_item_hover\">\n\t\t\t\t\t\t<div class=\"sc_team_item_socials\"><\/div>\n\t\t\t\t\t<\/div>\n\t\t\t\t<\/div>\n\t\t\t\t<div class=\"sc_team_item_info\">\n\t\t\t\t\t<h5 class=\"sc_team_item_title\"><a href=\"https:\/\/ospeta.edu.ba\/bs\/team\/sulejman-hasic-bibliotekar\/\">Sulejman Hasi\u0107, bibliotekar<\/a><\/h5>\n\t\t\t\t\t<div class=\"sc_team_item_position\"><\/div>\n\t\t\t\t<\/div>\n\t\t\t<\/div>\n\t\t<\/div><div class=\"column-1_4 column_padding_bottom\">\t\t\t<div id=\"sc_team_2069989122_8\"\t\t\t\tclass=\"sc_team_item sc_team_item_8 even\"\n\t\t\t\t>\n\t\t\t\t<div class=\"sc_team_item_avatar\"><img loading=\"lazy\" decoding=\"async\" class=\"wp-post-image\" width=\"390\" height=\"390\" alt=\"\u0160ejla Hafizovi\u0107, socijalni radnik\" src=\"https:\/\/ospeta.edu.ba\/bs\/wp-content\/uploads\/2015\/07\/bg_blue-390x390.jpg\">\t\t\t\t\t<div class=\"sc_team_item_hover\">\n\t\t\t\t\t\t<div class=\"sc_team_item_socials\"><\/div>\n\t\t\t\t\t<\/div>\n\t\t\t\t<\/div>\n\t\t\t\t<div class=\"sc_team_item_info\">\n\t\t\t\t\t<h5 class=\"sc_team_item_title\"><a href=\"https:\/\/ospeta.edu.ba\/bs\/team\/sejla-hafizovic-socijalni-radnik\/\">\u0160ejla Hafizovi\u0107, socijalni radnik<\/a><\/h5>\n\t\t\t\t\t<div class=\"sc_team_item_position\"><\/div>\n\t\t\t\t<\/div>\n\t\t\t<\/div>\n\t\t<\/div><div class=\"column-1_4 column_padding_bottom\">\t\t\t<div id=\"sc_team_2069989122_9\"\t\t\t\tclass=\"sc_team_item sc_team_item_9 odd\"\n\t\t\t\t>\n\t\t\t\t<div class=\"sc_team_item_avatar\"><img loading=\"lazy\" decoding=\"async\" class=\"wp-post-image\" width=\"390\" height=\"390\" alt=\"Anida Drki\u0107, asistent u nastavi\" src=\"https:\/\/ospeta.edu.ba\/bs\/wp-content\/uploads\/2015\/07\/bg_blue-390x390.jpg\">\t\t\t\t\t<div class=\"sc_team_item_hover\">\n\t\t\t\t\t\t<div class=\"sc_team_item_socials\"><\/div>\n\t\t\t\t\t<\/div>\n\t\t\t\t<\/div>\n\t\t\t\t<div class=\"sc_team_item_info\">\n\t\t\t\t\t<h5 class=\"sc_team_item_title\"><a href=\"https:\/\/ospeta.edu.ba\/bs\/team\/anida-drkic-asistent-u-nastavi\/\">Anida Drki\u0107, asistent u nastavi<\/a><\/h5>\n\t\t\t\t\t<div class=\"sc_team_item_position\"><\/div>\n\t\t\t\t<\/div>\n\t\t\t<\/div>\n\t\t<\/div><div class=\"column-1_4 column_padding_bottom\">\t\t\t<div id=\"sc_team_2069989122_10\"\t\t\t\tclass=\"sc_team_item sc_team_item_10 even\"\n\t\t\t\t>\n\t\t\t\t<div class=\"sc_team_item_avatar\"><img loading=\"lazy\" decoding=\"async\" class=\"wp-post-image\" width=\"390\" height=\"390\" alt=\"Nermina Mulaosmanovi\u0107, asistent u nastavi\" src=\"https:\/\/ospeta.edu.ba\/bs\/wp-content\/uploads\/2015\/07\/bg_blue-390x390.jpg\">\t\t\t\t\t<div class=\"sc_team_item_hover\">\n\t\t\t\t\t\t<div class=\"sc_team_item_socials\"><\/div>\n\t\t\t\t\t<\/div>\n\t\t\t\t<\/div>\n\t\t\t\t<div class=\"sc_team_item_info\">\n\t\t\t\t\t<h5 class=\"sc_team_item_title\"><a href=\"https:\/\/ospeta.edu.ba\/bs\/team\/nermina-mulaosmanovic-asistent-u-nastavi\/\">Nermina Mulaosmanovi\u0107, asistent u nastavi<\/a><\/h5>\n\t\t\t\t\t<div class=\"sc_team_item_position\"><\/div>\n\t\t\t\t<\/div>\n\t\t\t<\/div>\n\t\t<\/div><div class=\"column-1_4 column_padding_bottom\">\t\t\t<div id=\"sc_team_2069989122_11\"\t\t\t\tclass=\"sc_team_item sc_team_item_11 odd\"\n\t\t\t\t>\n\t\t\t\t<div class=\"sc_team_item_avatar\"><img loading=\"lazy\" decoding=\"async\" class=\"wp-post-image\" width=\"390\" height=\"390\" alt=\"Enisa U\u017ei\u010danin, asistent u nastavi\" src=\"https:\/\/ospeta.edu.ba\/bs\/wp-content\/uploads\/2015\/07\/bg_blue-390x390.jpg\">\t\t\t\t\t<div class=\"sc_team_item_hover\">\n\t\t\t\t\t\t<div class=\"sc_team_item_socials\"><\/div>\n\t\t\t\t\t<\/div>\n\t\t\t\t<\/div>\n\t\t\t\t<div class=\"sc_team_item_info\">\n\t\t\t\t\t<h5 class=\"sc_team_item_title\"><a href=\"https:\/\/ospeta.edu.ba\/bs\/team\/enisa-uzicanin-asistent-u-nastavi\/\">Enisa U\u017ei\u010danin, asistent u nastavi<\/a><\/h5>\n\t\t\t\t\t<div class=\"sc_team_item_position\"><\/div>\n\t\t\t\t<\/div>\n\t\t\t<\/div>\n\t\t<\/div><div class=\"column-1_4 column_padding_bottom\">\t\t\t<div id=\"sc_team_2069989122_12\"\t\t\t\tclass=\"sc_team_item sc_team_item_12 even\"\n\t\t\t\t>\n\t\t\t\t<div class=\"sc_team_item_avatar\"><img loading=\"lazy\" decoding=\"async\" class=\"wp-post-image\" width=\"390\" height=\"390\" alt=\"Semra Ajdinovi\u0107, psiholog u Mobilnom stru\u010dnom timu\" src=\"https:\/\/ospeta.edu.ba\/bs\/wp-content\/uploads\/2015\/07\/bg_blue-390x390.jpg\">\t\t\t\t\t<div class=\"sc_team_item_hover\">\n\t\t\t\t\t\t<div class=\"sc_team_item_socials\"><\/div>\n\t\t\t\t\t<\/div>\n\t\t\t\t<\/div>\n\t\t\t\t<div class=\"sc_team_item_info\">\n\t\t\t\t\t<h5 class=\"sc_team_item_title\"><a href=\"https:\/\/ospeta.edu.ba\/bs\/team\/semra-ajdinovic-psiholog-u-mobilnom-strucnom-timu\/\">Semra Ajdinovi\u0107, psiholog u Mobilnom stru\u010dnom timu<\/a><\/h5>\n\t\t\t\t\t<div class=\"sc_team_item_position\"><\/div>\n\t\t\t\t<\/div>\n\t\t\t<\/div>\n\t\t<\/div><div class=\"column-1_4 column_padding_bottom\">\t\t\t<div id=\"sc_team_2069989122_13\"\t\t\t\tclass=\"sc_team_item sc_team_item_13 odd\"\n\t\t\t\t>\n\t\t\t\t<div class=\"sc_team_item_avatar\"><img loading=\"lazy\" decoding=\"async\" class=\"wp-post-image\" width=\"390\" height=\"390\" alt=\"Birsena \u0106urevac, logoped u Mobilnom stru\u010dnom timu\" src=\"https:\/\/ospeta.edu.ba\/bs\/wp-content\/uploads\/2015\/07\/bg_blue-390x390.jpg\">\t\t\t\t\t<div class=\"sc_team_item_hover\">\n\t\t\t\t\t\t<div class=\"sc_team_item_socials\"><\/div>\n\t\t\t\t\t<\/div>\n\t\t\t\t<\/div>\n\t\t\t\t<div class=\"sc_team_item_info\">\n\t\t\t\t\t<h5 class=\"sc_team_item_title\"><a href=\"https:\/\/ospeta.edu.ba\/bs\/team\/birsena-curevac-logoped-u-mobilnom-strucnom-timu\/\">Birsena \u0106urevac, logoped u Mobilnom stru\u010dnom timu<\/a><\/h5>\n\t\t\t\t\t<div class=\"sc_team_item_position\"><\/div>\n\t\t\t\t<\/div>\n\t\t\t<\/div>\n\t\t<\/div><div class=\"column-1_4 column_padding_bottom\">\t\t\t<div id=\"sc_team_2069989122_14\"\t\t\t\tclass=\"sc_team_item sc_team_item_14 even\"\n\t\t\t\t>\n\t\t\t\t<div class=\"sc_team_item_avatar\"><img loading=\"lazy\" decoding=\"async\" class=\"wp-post-image\" width=\"390\" height=\"390\" alt=\"Amra Salki\u0107, edukator-rehabilitator u Mobilnom stru\u010dnom timu\" src=\"https:\/\/ospeta.edu.ba\/bs\/wp-content\/uploads\/2015\/07\/bg_blue-390x390.jpg\">\t\t\t\t\t<div class=\"sc_team_item_hover\">\n\t\t\t\t\t\t<div class=\"sc_team_item_socials\"><\/div>\n\t\t\t\t\t<\/div>\n\t\t\t\t<\/div>\n\t\t\t\t<div class=\"sc_team_item_info\">\n\t\t\t\t\t<h5 class=\"sc_team_item_title\"><a href=\"https:\/\/ospeta.edu.ba\/bs\/team\/amra-salkic-edukator-rehabilitator-u-mobilnom-strucnom-timu\/\">Amra Salki\u0107, edukator-rehabilitator u Mobilnom stru\u010dnom timu<\/a><\/h5>\n\t\t\t\t\t<div class=\"sc_team_item_position\"><\/div>\n\t\t\t\t<\/div>\n\t\t\t<\/div>\n\t\t<\/div><div class=\"column-1_4 column_padding_bottom\">\t\t\t<div id=\"sc_team_2069989122_15\"\t\t\t\tclass=\"sc_team_item sc_team_item_15 odd\"\n\t\t\t\t>\n\t\t\t\t<div class=\"sc_team_item_avatar\"><img loading=\"lazy\" decoding=\"async\" class=\"wp-post-image\" width=\"390\" height=\"390\" alt=\"Ejub Fo\u010do, samostalni referent za plan i analizu\" src=\"https:\/\/ospeta.edu.ba\/bs\/wp-content\/uploads\/2015\/07\/bg_blue-390x390.jpg\">\t\t\t\t\t<div class=\"sc_team_item_hover\">\n\t\t\t\t\t\t<div class=\"sc_team_item_socials\"><\/div>\n\t\t\t\t\t<\/div>\n\t\t\t\t<\/div>\n\t\t\t\t<div class=\"sc_team_item_info\">\n\t\t\t\t\t<h5 class=\"sc_team_item_title\"><a href=\"https:\/\/ospeta.edu.ba\/bs\/team\/ejub-foco-samostalni-referent-za-plan-i-analizu\/\">Ejub Fo\u010do, samostalni referent za plan i analizu<\/a><\/h5>\n\t\t\t\t\t<div class=\"sc_team_item_position\"><\/div>\n\t\t\t\t<\/div>\n\t\t\t<\/div>\n\t\t<\/div><\/div><\/div>\n","protected":false},"excerpt":{"rendered":"[vc_row][\/vc_row][vc_column width=\"7\/12\"][\/vc_column]Ejub Fo\u010do, samostalni referent za plan i analizu Mail: ejubfoco@hotmail.com","protected":false},"author":1,"featured_media":0,"parent":0,"menu_order":0,"comment_status":"closed","ping_status":"closed","template":"","meta":{"footnotes":""},"class_list":["post-1678","page","type-page","status-publish","hentry"],"_links":{"self":[{"href":"https:\/\/ospeta.edu.ba\/bs\/wp-json\/wp\/v2\/pages\/1678","targetHints":{"allow":["GET"]}}],"collection":[{"href":"https:\/\/ospeta.edu.ba\/bs\/wp-json\/wp\/v2\/pages"}],"about":[{"href":"https:\/\/ospeta.edu.ba\/bs\/wp-json\/wp\/v2\/types\/page"}],"author":[{"embeddable":true,"href":"https:\/\/ospeta.edu.ba\/bs\/wp-json\/wp\/v2\/users\/1"}],"replies":[{"embeddable":true,"href":"https:\/\/ospeta.edu.ba\/bs\/wp-json\/wp\/v2\/comments?post=1678"}],"version-history":[{"count":3,"href":"https:\/\/ospeta.edu.ba\/bs\/wp-json\/wp\/v2\/pages\/1678\/revisions"}],"predecessor-version":[{"id":1856,"href":"https:\/\/ospeta.edu.ba\/bs\/wp-json\/wp\/v2\/pages\/1678\/revisions\/1856"}],"wp:attachment":[{"href":"https:\/\/ospeta.edu.ba\/bs\/wp-json\/wp\/v2\/media?parent=1678"}],"curies":[{"name":"wp","href":"https:\/\/api.w.org\/{rel}","templated":true}]}}