{"id":1615,"date":"2022-12-19T12:03:32","date_gmt":"2022-12-19T12:03:32","guid":{"rendered":"https:\/\/ospeta.edu.ba\/bs\/?page_id=1615"},"modified":"2025-10-14T11:23:20","modified_gmt":"2025-10-14T11:23:20","slug":"propisi-i-akti","status":"publish","type":"page","link":"https:\/\/ospeta.edu.ba\/bs\/propisi-i-akti\/","title":{"rendered":"Propisi i akti"},"content":{"rendered":"\n<p><a href=\"https:\/\/ospeta.edu.ba\/bs\/wp-content\/uploads\/2022\/12\/Krizni-plan-COVID.docx\">Krizni-plan-COVID<\/a><\/p>\n\n\n\n<div class=\"wp-block-file\"><a id=\"wp-block-file--media-6fbfe383-185f-4228-83ac-269a60e56aaf\" href=\"https:\/\/ospeta.edu.ba\/bs\/wp-content\/uploads\/2023\/03\/Plan-o-upravljanju-radnim-procesima-u-kriznim-situacijama-Copy.docx\">PLAN O UPRAVLJANJU  RADNIM PROCESIMA U  KRIZNIM SITUACIJAMA<\/a><a href=\"https:\/\/ospeta.edu.ba\/bs\/wp-content\/uploads\/2023\/03\/Plan-o-upravljanju-radnim-procesima-u-kriznim-situacijama-Copy.docx\" class=\"wp-block-file__button wp-element-button\" download aria-describedby=\"wp-block-file--media-6fbfe383-185f-4228-83ac-269a60e56aaf\">Preuzmi<\/a><\/div>\n\n\n\n<div class=\"wp-block-file\"><a id=\"wp-block-file--media-2e8e41ef-914f-42ec-88ba-7fc03b19ec5b\" href=\"https:\/\/ospeta.edu.ba\/bs\/wp-content\/uploads\/2023\/03\/Poslovnik-Komisije-za-ekskurzije-april-2022.doc\">POSLOVNIK O RADU KOMISIJE ZA EKSKURZIJE U\u010cENIKA<\/a><a href=\"https:\/\/ospeta.edu.ba\/bs\/wp-content\/uploads\/2023\/03\/Poslovnik-Komisije-za-ekskurzije-april-2022.doc\" class=\"wp-block-file__button wp-element-button\" download aria-describedby=\"wp-block-file--media-2e8e41ef-914f-42ec-88ba-7fc03b19ec5b\">Preuzmi<\/a><\/div>\n\n\n\n<div class=\"wp-block-file\"><a id=\"wp-block-file--media-c6eb4be0-21d4-442a-8f16-6574b1b57bd2\" href=\"https:\/\/ospeta.edu.ba\/bs\/wp-content\/uploads\/2023\/03\/Poslovnik-o-radu-Skolskog-odbora-februar-2022-nova-verzija.doc\">POSLOVNIK O RADU \u0160KOLSKOG ODBORA <\/a><a href=\"https:\/\/ospeta.edu.ba\/bs\/wp-content\/uploads\/2023\/03\/Poslovnik-o-radu-Skolskog-odbora-februar-2022-nova-verzija.doc\" class=\"wp-block-file__button wp-element-button\" download aria-describedby=\"wp-block-file--media-c6eb4be0-21d4-442a-8f16-6574b1b57bd2\">Preuzmi<\/a><\/div>\n\n\n\n<div class=\"wp-block-file\"><a id=\"wp-block-file--media-a3a69de8-45c3-4c25-85e6-0afe17945ca6\" href=\"https:\/\/ospeta.edu.ba\/bs\/wp-content\/uploads\/2023\/03\/Poslovnik-o-eksternoj-maturi-2019-1.doc\">POSLOVNIK O EKSTERNOJ MATURI<\/a><a href=\"https:\/\/ospeta.edu.ba\/bs\/wp-content\/uploads\/2023\/03\/Poslovnik-o-eksternoj-maturi-2019-1.doc\" class=\"wp-block-file__button wp-element-button\" download aria-describedby=\"wp-block-file--media-a3a69de8-45c3-4c25-85e6-0afe17945ca6\">Preuzmi<\/a><\/div>\n\n\n\n<div class=\"wp-block-file\"><a id=\"wp-block-file--media-f107cf1e-f8c8-4be0-bae0-38c5ff69b813\" href=\"https:\/\/ospeta.edu.ba\/bs\/wp-content\/uploads\/2023\/03\/Pravilnik_o_ocjenjivanju_odgajatelja_nastavnika19_04.doc\">Pravilnik_o_ocjenjivanju_odgajatelja_nastavnika19_04<\/a><a href=\"https:\/\/ospeta.edu.ba\/bs\/wp-content\/uploads\/2023\/03\/Pravilnik_o_ocjenjivanju_odgajatelja_nastavnika19_04.doc\" class=\"wp-block-file__button wp-element-button\" download aria-describedby=\"wp-block-file--media-f107cf1e-f8c8-4be0-bae0-38c5ff69b813\">Preuzmi<\/a><\/div>\n\n\n\n<div class=\"wp-block-file\"><a id=\"wp-block-file--media-f8bb8fe1-6500-4bad-b4fa-20dd9f56edca\" href=\"https:\/\/ospeta.edu.ba\/bs\/wp-content\/uploads\/2023\/03\/Interni-akt-znr-Peta-osnovna.docx\">INTERNI AKT O ZA\u0160TITI NA RADU JU &#8220;PETA OSNOVNA \u0160KOLA&#8221;<\/a><a href=\"https:\/\/ospeta.edu.ba\/bs\/wp-content\/uploads\/2023\/03\/Interni-akt-znr-Peta-osnovna.docx\" class=\"wp-block-file__button wp-element-button\" download aria-describedby=\"wp-block-file--media-f8bb8fe1-6500-4bad-b4fa-20dd9f56edca\">Preuzmi<\/a><\/div>\n\n\n\n<div data-wp-interactive=\"core\/file\" class=\"wp-block-file\"><object data-wp-bind--hidden=\"!state.hasPdfPreview\" hidden class=\"wp-block-file__embed\" data=\"https:\/\/ospeta.edu.ba\/bs\/wp-content\/uploads\/2023\/05\/PLAN-INTEGRITETA-KORIGOVANI.pdf\" type=\"application\/pdf\" style=\"width:100%;height:600px\" aria-label=\"Ugra\u0111ivanje PLAN-INTEGRITETA JU &quot;PETA OSNOVNA \u0160KOLA&quot;.\"><\/object><a id=\"wp-block-file--media-cbc5150c-0d68-406b-a3e9-5de9e146b85f\" href=\"https:\/\/ospeta.edu.ba\/bs\/wp-content\/uploads\/2023\/05\/PLAN-INTEGRITETA-KORIGOVANI.pdf\">PLAN-INTEGRITETA JU &#8220;PETA OSNOVNA \u0160KOLA&#8221;<\/a><a href=\"https:\/\/ospeta.edu.ba\/bs\/wp-content\/uploads\/2023\/05\/PLAN-INTEGRITETA-KORIGOVANI.pdf\" class=\"wp-block-file__button wp-element-button\" download aria-describedby=\"wp-block-file--media-cbc5150c-0d68-406b-a3e9-5de9e146b85f\">Preuzmi<\/a><\/div>\n\n\n\n<div class=\"wp-block-file\"><a id=\"wp-block-file--media-606cb026-9af7-446d-8360-6db62d2c69b0\" href=\"https:\/\/ospeta.edu.ba\/bs\/wp-content\/uploads\/2023\/06\/Pravilnik-o-vlastitim-prihodima-za-osnovne-skole.doc\">Pravilnik-o-vlastitim javnim prihodima <\/a><a href=\"https:\/\/ospeta.edu.ba\/bs\/wp-content\/uploads\/2023\/06\/Pravilnik-o-vlastitim-prihodima-za-osnovne-skole.doc\" class=\"wp-block-file__button wp-element-button\" download aria-describedby=\"wp-block-file--media-606cb026-9af7-446d-8360-6db62d2c69b0\">Preuzmi<\/a><\/div>\n\n\n\n<p><a href=\"https:\/\/mo.ks.gov.ba\/legislativa\/zakon-o-odgoju-i-obrazovanju-u-osnovnoj-i-srednjoj-skoli-u-kantonu-sarajevo-obrazovanju\">https:\/\/mo.ks.gov.ba\/legislativa\/zakon-o-odgoju-i-obrazovanju-u-osnovnoj-i-srednjoj-skoli-u-kantonu-sarajevo-obrazovanju<\/a><\/p>\n\n\n\n<div class=\"wp-block-file\"><a id=\"wp-block-file--media-059447c3-2bc2-4c48-a8e4-23393ac65ea7\" href=\"https:\/\/ospeta.edu.ba\/bs\/wp-content\/uploads\/2025\/10\/Pravilnik-sistematizacija_NOVA-PETA-OS-APRIL-2025.doc\">Pravilnik sistematizacija_NOVA PETA O\u0160 APRIL 2025<\/a><a href=\"https:\/\/ospeta.edu.ba\/bs\/wp-content\/uploads\/2025\/10\/Pravilnik-sistematizacija_NOVA-PETA-OS-APRIL-2025.doc\" class=\"wp-block-file__button wp-element-button\" download aria-describedby=\"wp-block-file--media-059447c3-2bc2-4c48-a8e4-23393ac65ea7\">Preuzmi<\/a><\/div>\n\n\n\n<div class=\"wp-block-file\"><a id=\"wp-block-file--media-0e70e7ff-a587-499f-8577-91d7e5c1c3f0\" href=\"https:\/\/ospeta.edu.ba\/bs\/wp-content\/uploads\/2024\/03\/Pravilnik-o-radu-2024-kompletan.doc\">Pravilnik-o-radu-2024<\/a><a href=\"https:\/\/ospeta.edu.ba\/bs\/wp-content\/uploads\/2024\/03\/Pravilnik-o-radu-2024-kompletan.doc\" class=\"wp-block-file__button wp-element-button\" download aria-describedby=\"wp-block-file--media-0e70e7ff-a587-499f-8577-91d7e5c1c3f0\">Preuzmi<\/a><\/div>\n\n\n\n<div class=\"wp-block-file\"><a id=\"wp-block-file--media-55343533-3a05-49bd-8515-3b83babca5f1\" href=\"https:\/\/ospeta.edu.ba\/bs\/wp-content\/uploads\/2024\/03\/Pravilnik-o-placama-2024-kompletan.docx\">Pravilnik-o-placama-2024<\/a><a href=\"https:\/\/ospeta.edu.ba\/bs\/wp-content\/uploads\/2024\/03\/Pravilnik-o-placama-2024-kompletan.docx\" class=\"wp-block-file__button wp-element-button\" download aria-describedby=\"wp-block-file--media-55343533-3a05-49bd-8515-3b83babca5f1\">Preuzmi<\/a><\/div>\n\n\n\n<div data-wp-interactive=\"core\/file\" class=\"wp-block-file\"><object data-wp-bind--hidden=\"!state.hasPdfPreview\" hidden class=\"wp-block-file__embed\" data=\"https:\/\/ospeta.edu.ba\/bs\/wp-content\/uploads\/2025\/10\/Pravilnik-za-prijem-radnika-u-radni-odnos-u-osnovnim-i-srednjim-skolama-kao-javnim-ustanovama-na-podrucju-KS.-SNKS-8-25_0.pdf\" type=\"application\/pdf\" style=\"width:100%;height:600px\" aria-label=\"Ugra\u0111ivanje Pravilnik za prijem radnika u radni odnos u osnovnim i srednjim \u0161kolama kao javnim ustanovama na podru\u010dju KS. SNKS 8 25_0.\"><\/object><a id=\"wp-block-file--media-749a7535-c952-4f13-8830-bd5daf75b0b8\" href=\"https:\/\/ospeta.edu.ba\/bs\/wp-content\/uploads\/2025\/10\/Pravilnik-za-prijem-radnika-u-radni-odnos-u-osnovnim-i-srednjim-skolama-kao-javnim-ustanovama-na-podrucju-KS.-SNKS-8-25_0.pdf\">Pravilnik za prijem radnika u radni odnos u osnovnim i srednjim \u0161kolama kao javnim ustanovama na podru\u010dju KS. SNKS 8 25_0<\/a><a href=\"https:\/\/ospeta.edu.ba\/bs\/wp-content\/uploads\/2025\/10\/Pravilnik-za-prijem-radnika-u-radni-odnos-u-osnovnim-i-srednjim-skolama-kao-javnim-ustanovama-na-podrucju-KS.-SNKS-8-25_0.pdf\" class=\"wp-block-file__button wp-element-button\" download aria-describedby=\"wp-block-file--media-749a7535-c952-4f13-8830-bd5daf75b0b8\">Preuzmi<\/a><\/div>\n\n\n\n<div class=\"wp-block-file\"><a id=\"wp-block-file--media-6c504439-8ab7-4a34-8e42-2839022bf909\" href=\"https:\/\/ospeta.edu.ba\/bs\/wp-content\/uploads\/2025\/03\/P-R-A-V-I-L-N-I-K-O-KUCNOM-REDU.docx\">P R A V I L N I K  O KU\u0106NOM REDU<\/a><a href=\"https:\/\/ospeta.edu.ba\/bs\/wp-content\/uploads\/2025\/03\/P-R-A-V-I-L-N-I-K-O-KUCNOM-REDU.docx\" class=\"wp-block-file__button wp-element-button\" download aria-describedby=\"wp-block-file--media-6c504439-8ab7-4a34-8e42-2839022bf909\">Preuzmi<\/a><\/div>\n\n\n\n<div class=\"wp-block-file\"><a id=\"wp-block-file--media-1280614e-795a-4c98-ad40-81cf1894557b\" href=\"https:\/\/ospeta.edu.ba\/bs\/wp-content\/uploads\/2025\/03\/Pravilnik-sistematizacija_NOVA-PETA-OS.doc\">Pravilnik sistematizacija_NOVA PETA O\u0160<\/a><a href=\"https:\/\/ospeta.edu.ba\/bs\/wp-content\/uploads\/2025\/03\/Pravilnik-sistematizacija_NOVA-PETA-OS.doc\" class=\"wp-block-file__button wp-element-button\" download aria-describedby=\"wp-block-file--media-1280614e-795a-4c98-ad40-81cf1894557b\">Preuzmi<\/a><\/div>\n\n\n\n<div class=\"wp-block-file\"><a id=\"wp-block-file--media-003a0212-eb76-41ab-964c-d1a055aff44c\" href=\"https:\/\/ospeta.edu.ba\/bs\/wp-content\/uploads\/2025\/10\/Poslovnik-o-radu-Skolskog-odbora-DECEMBAR-2024.doc\">Poslovnik o radu \u0160kolskog odbora DECEMBAR 2024<\/a><a href=\"https:\/\/ospeta.edu.ba\/bs\/wp-content\/uploads\/2025\/10\/Poslovnik-o-radu-Skolskog-odbora-DECEMBAR-2024.doc\" class=\"wp-block-file__button wp-element-button\" download aria-describedby=\"wp-block-file--media-003a0212-eb76-41ab-964c-d1a055aff44c\">Preuzmi<\/a><\/div>\n\n\n\n<div class=\"wp-block-file\"><a id=\"wp-block-file--media-af703f33-10a3-4693-b98a-26a2fd321ee0\" href=\"https:\/\/ospeta.edu.ba\/bs\/wp-content\/uploads\/2025\/10\/Pravilnik-o-radu-2024-kompletan.doc\">Pravilnik o radu 2024 kompletan<\/a><a href=\"https:\/\/ospeta.edu.ba\/bs\/wp-content\/uploads\/2025\/10\/Pravilnik-o-radu-2024-kompletan.doc\" class=\"wp-block-file__button wp-element-button\" download aria-describedby=\"wp-block-file--media-af703f33-10a3-4693-b98a-26a2fd321ee0\">Preuzmi<\/a><\/div>\n\n\n\n<div class=\"wp-block-file\"><a id=\"wp-block-file--media-0d8f2bc8-4d8d-488c-b22c-b74695b2c75f\" href=\"https:\/\/ospeta.edu.ba\/bs\/wp-content\/uploads\/2025\/10\/Pravila-skole-NOVEMBAR-2024.docx\">Pravila \u0161kole &#8211; NOVEMBAR 2024<\/a><a href=\"https:\/\/ospeta.edu.ba\/bs\/wp-content\/uploads\/2025\/10\/Pravila-skole-NOVEMBAR-2024.docx\" class=\"wp-block-file__button wp-element-button\" download aria-describedby=\"wp-block-file--media-0d8f2bc8-4d8d-488c-b22c-b74695b2c75f\">Preuzmi<\/a><\/div>\n\n\n\n<div data-wp-interactive=\"core\/file\" class=\"wp-block-file\"><object data-wp-bind--hidden=\"!state.hasPdfPreview\" hidden class=\"wp-block-file__embed\" data=\"https:\/\/ospeta.edu.ba\/bs\/wp-content\/uploads\/2025\/10\/Pravilnik-o-realizaciji-skole-u-prirodi-izleta-studijskih-posjeta-ekskurzija-kamopvanja-logorovanja.-SNKS-34-24.pdf\" type=\"application\/pdf\" style=\"width:100%;height:600px\" aria-label=\"Ugra\u0111ivanje Pravilnik o realizaciji \u0161kole u prirodi, izleta, studijskih posjeta, ekskurzija, kamopvanja-logorovanja.... SNKS 34 24.\"><\/object><a id=\"wp-block-file--media-44b4eab6-aeb1-449f-8bf1-457cbf1b5fb0\" href=\"https:\/\/ospeta.edu.ba\/bs\/wp-content\/uploads\/2025\/10\/Pravilnik-o-realizaciji-skole-u-prirodi-izleta-studijskih-posjeta-ekskurzija-kamopvanja-logorovanja.-SNKS-34-24.pdf\">Pravilnik o realizaciji \u0161kole u prirodi, izleta, studijskih posjeta, ekskurzija, kamopvanja-logorovanja&#8230;. SNKS 34 24<\/a><a href=\"https:\/\/ospeta.edu.ba\/bs\/wp-content\/uploads\/2025\/10\/Pravilnik-o-realizaciji-skole-u-prirodi-izleta-studijskih-posjeta-ekskurzija-kamopvanja-logorovanja.-SNKS-34-24.pdf\" class=\"wp-block-file__button wp-element-button\" download aria-describedby=\"wp-block-file--media-44b4eab6-aeb1-449f-8bf1-457cbf1b5fb0\">Preuzmi<\/a><\/div>\n\n\n\n<div data-wp-interactive=\"core\/file\" class=\"wp-block-file\"><object data-wp-bind--hidden=\"!state.hasPdfPreview\" hidden class=\"wp-block-file__embed\" data=\"https:\/\/ospeta.edu.ba\/bs\/wp-content\/uploads\/2025\/08\/Plan-integriteta-KORIGOVANI-2025-PETA-OS.pdf\" type=\"application\/pdf\" style=\"width:100%;height:600px\" aria-label=\"Ugra\u0111ivanje Plan-integriteta-KORIGOVANI 2025 PETA O\u0160.\"><\/object><a id=\"wp-block-file--media-a692db21-3b05-46e4-84f2-b61fe91099c9\" href=\"https:\/\/ospeta.edu.ba\/bs\/wp-content\/uploads\/2025\/08\/Plan-integriteta-KORIGOVANI-2025-PETA-OS.pdf\">Plan-integriteta-KORIGOVANI 2025 PETA O\u0160<\/a><a href=\"https:\/\/ospeta.edu.ba\/bs\/wp-content\/uploads\/2025\/08\/Plan-integriteta-KORIGOVANI-2025-PETA-OS.pdf\" class=\"wp-block-file__button wp-element-button\" download aria-describedby=\"wp-block-file--media-a692db21-3b05-46e4-84f2-b61fe91099c9\">Preuzmi<\/a><\/div>\n\n\n\n<div data-wp-interactive=\"core\/file\" class=\"wp-block-file\"><object data-wp-bind--hidden=\"!state.hasPdfPreview\" hidden class=\"wp-block-file__embed\" data=\"https:\/\/ospeta.edu.ba\/bs\/wp-content\/uploads\/2025\/10\/Pravilnik-o-inkluzivnom-obrazovanju-SN-KS-37-25.pdf\" type=\"application\/pdf\" style=\"width:100%;height:600px\" aria-label=\"Ugra\u0111ivanje Pravilnik o inkluzivnom obrazovanju SN KS 37 25.\"><\/object><a id=\"wp-block-file--media-1b23299c-9e7a-4c4d-a2e2-813663229121\" href=\"https:\/\/ospeta.edu.ba\/bs\/wp-content\/uploads\/2025\/10\/Pravilnik-o-inkluzivnom-obrazovanju-SN-KS-37-25.pdf\">Pravilnik o inkluzivnom obrazovanju SN KS 37 25<\/a><a href=\"https:\/\/ospeta.edu.ba\/bs\/wp-content\/uploads\/2025\/10\/Pravilnik-o-inkluzivnom-obrazovanju-SN-KS-37-25.pdf\" class=\"wp-block-file__button wp-element-button\" download aria-describedby=\"wp-block-file--media-1b23299c-9e7a-4c4d-a2e2-813663229121\">Preuzmi<\/a><\/div>\n\n\n\n<div data-wp-interactive=\"core\/file\" class=\"wp-block-file\"><object data-wp-bind--hidden=\"!state.hasPdfPreview\" hidden class=\"wp-block-file__embed\" data=\"https:\/\/ospeta.edu.ba\/bs\/wp-content\/uploads\/2025\/10\/Pravilnik-o-izboru-razrjesenju-nadleznostima-i-mnacinu-rada-skolskih-odbora-OS-i-SS-SN-KS-46-20-1.pdf\" type=\"application\/pdf\" style=\"width:100%;height:600px\" aria-label=\"Ugra\u0111ivanje Pravilnik o izboru, razrje\u0161enju, nadle\u017enostima i m+na\u010dinu rada \u0161kolskih odbora O\u0160 i S\u0160 SN KS 46 20 (1).\"><\/object><a id=\"wp-block-file--media-6ae9cb01-b6ed-4dc5-8f58-e474a03e94e8\" href=\"https:\/\/ospeta.edu.ba\/bs\/wp-content\/uploads\/2025\/10\/Pravilnik-o-izboru-razrjesenju-nadleznostima-i-mnacinu-rada-skolskih-odbora-OS-i-SS-SN-KS-46-20-1.pdf\">Pravilnik o izboru, razrje\u0161enju, nadle\u017enostima i m+na\u010dinu rada \u0161kolskih odbora O\u0160 i S\u0160 SN KS 46 20 (1)<\/a><a href=\"https:\/\/ospeta.edu.ba\/bs\/wp-content\/uploads\/2025\/10\/Pravilnik-o-izboru-razrjesenju-nadleznostima-i-mnacinu-rada-skolskih-odbora-OS-i-SS-SN-KS-46-20-1.pdf\" class=\"wp-block-file__button wp-element-button\" download aria-describedby=\"wp-block-file--media-6ae9cb01-b6ed-4dc5-8f58-e474a03e94e8\">Preuzmi<\/a><\/div>\n\n\n\n<div class=\"wp-block-file\"><a id=\"wp-block-file--media-e0a844c4-ae4e-40ee-89d8-da49ac35f9bd\" href=\"https:\/\/ospeta.edu.ba\/bs\/wp-content\/uploads\/2025\/10\/Pravilnik-o-ostalim-i-nenormiranim-poslovima_d789efce-79db-4a84-9e29-bea3a83054d0_a4735091-2d2f-4316-a545-c86e40138ae5.docx\">Pravilnik o ostalim i nenormiranim  poslovima_d789efce-79db-4a84-9e29-bea3a83054d0_a4735091-2d2f-4316-a545-c86e40138ae5<\/a><a href=\"https:\/\/ospeta.edu.ba\/bs\/wp-content\/uploads\/2025\/10\/Pravilnik-o-ostalim-i-nenormiranim-poslovima_d789efce-79db-4a84-9e29-bea3a83054d0_a4735091-2d2f-4316-a545-c86e40138ae5.docx\" class=\"wp-block-file__button wp-element-button\" download aria-describedby=\"wp-block-file--media-e0a844c4-ae4e-40ee-89d8-da49ac35f9bd\">Preuzmi<\/a><\/div>\n\n\n\n<div class=\"wp-block-file\"><a id=\"wp-block-file--media-b9647f4c-26a0-408b-84ae-e3da12dd6a77\" href=\"https:\/\/ospeta.edu.ba\/bs\/wp-content\/uploads\/2025\/10\/Poslovnik-o-radu-konkursne-komisije-oktobar-2025.docx\">Poslovnik o radu konkursne komisije oktobar 2025<\/a><a href=\"https:\/\/ospeta.edu.ba\/bs\/wp-content\/uploads\/2025\/10\/Poslovnik-o-radu-konkursne-komisije-oktobar-2025.docx\" class=\"wp-block-file__button wp-element-button\" download aria-describedby=\"wp-block-file--media-b9647f4c-26a0-408b-84ae-e3da12dd6a77\">Preuzmi<\/a><\/div>\n\n\n\n<p><\/p>\n","protected":false},"excerpt":{"rendered":"<p>Krizni-plan-COVID https:\/\/mo.ks.gov.ba\/legislativa\/zakon-o-odgoju-i-obrazovanju-u-osnovnoj-i-srednjoj-skoli-u-kantonu-sarajevo-obrazovanju<\/p>\n","protected":false},"author":1,"featured_media":0,"parent":0,"menu_order":0,"comment_status":"closed","ping_status":"closed","template":"","meta":{"footnotes":""},"class_list":["post-1615","page","type-page","status-publish","hentry"],"_links":{"self":[{"href":"https:\/\/ospeta.edu.ba\/bs\/wp-json\/wp\/v2\/pages\/1615","targetHints":{"allow":["GET"]}}],"collection":[{"href":"https:\/\/ospeta.edu.ba\/bs\/wp-json\/wp\/v2\/pages"}],"about":[{"href":"https:\/\/ospeta.edu.ba\/bs\/wp-json\/wp\/v2\/types\/page"}],"author":[{"embeddable":true,"href":"https:\/\/ospeta.edu.ba\/bs\/wp-json\/wp\/v2\/users\/1"}],"replies":[{"embeddable":true,"href":"https:\/\/ospeta.edu.ba\/bs\/wp-json\/wp\/v2\/comments?post=1615"}],"version-history":[{"count":40,"href":"https:\/\/ospeta.edu.ba\/bs\/wp-json\/wp\/v2\/pages\/1615\/revisions"}],"predecessor-version":[{"id":2604,"href":"https:\/\/ospeta.edu.ba\/bs\/wp-json\/wp\/v2\/pages\/1615\/revisions\/2604"}],"wp:attachment":[{"href":"https:\/\/ospeta.edu.ba\/bs\/wp-json\/wp\/v2\/media?parent=1615"}],"curies":[{"name":"wp","href":"https:\/\/api.w.org\/{rel}","templated":true}]}}