{"id":1090,"date":"2018-03-13T11:03:35","date_gmt":"2018-03-13T11:03:35","guid":{"rendered":"https:\/\/ospeta.edu.ba\/bs\/?page_id=1090"},"modified":"2022-12-11T11:21:13","modified_gmt":"2022-12-11T11:21:13","slug":"monografija-skole","status":"publish","type":"page","link":"https:\/\/ospeta.edu.ba\/bs\/monografija-skole\/","title":{"rendered":"Monografija \u0161kole"},"content":{"rendered":"<p>[vc_row][vc_column][vc_column_text]<\/p>\n<h2>Monografija \u0161kole<\/h2>\n<p>&nbsp;<\/p>\n<p>\u0160kola je izgra\u0111ena tokom 1980. godine i sve\u010dano otvorena 9.9.1980. godine kao Podru\u010dna \u0161kola O\u0160 \u201eBranko Radi\u010devi\u0107\u201c. Nastava je realizirana u 10 kabineta u kojim je boravilo 576 u\u010denika. Direktor \u0161kole bio je Alija Ademovi\u0107. Nakon godinu dana, naziv \u0161kole je preina\u010den u O\u0160 \u201e\u0110uro Pucar \u2013 Stari\u201c. U toku \u0161kolske 88\/89. godine obavljeni su radovi u dogradnji \u0161kolskog objekta koji su se o\u010ditovali u izgradnji jo\u0161 jednog sprata (dodatnih 6 kabineta). Nastavu je tada poha\u0111alo 1036 u\u010denika. Ipak, i taj dogra\u0111eni prostor bio je nedovoljan, te su u\u010denici poha\u0111ali nastavu i u me\u0111usmjeni.<\/p>\n<p>\u0160kolske 1991\/92. godine nastavu u na\u0161oj \u0160koli poha\u0111alo je 1212 u\u010denika, raspore\u0111enih u 38 odjeljenja. Ipak, zadnji dan nastave bio je 4.4., zbog po\u010detka agresije na Bosnu i Hercegovinu. Ministarstvo obrazovanja je donijelo odluku da navedena \u0161kolska godina bude okon\u010dana. Uslijedila su tu\u017ena de\u0161avanja u \u017eivotima u\u010denika, nastavnika i cjelokupnog naselja Sokolovi\u0107 Kolonija. Zbog neprekidnog granatiranja objekat \u0160kole bio je izrazito o\u0161te\u0107en.<\/p>\n<p>Predsjedni\u0161tvo op\u0107ine Ilid\u017ea 20.8.1992. godine svojom odlukom ime \u0160kole je preina\u010dilo u \u201eMehmedalija Mak Dizdar\u201c. Po\u010dinju pripreme za rad u ratnim uslovima. \u0160kolska imovina je uni\u0161tena ili otu\u0111ena. Gra\u0111evinska grupa u sastavu: Ned\u017ead \u0160urkovi\u0107, Omer Mrakovi\u0107 i Munib Ba\u0161i\u0107 sprje\u010davaju devastaciju imovine. Zbog lo\u0161e komunikacije, ali i zbog nedostatka nastavnog osoblja uposlenici \u0161kole postaju nastavnici iz naselja Sokolovi\u0107 Kolonija: Ze\u0107ir Osmanovi\u0107, Ramiz D\u017eano, Seida Zini\u0107, Munira Torlak, Vasvija Dedovi\u0107, Mevlida \u010cav\u010di\u0107, Feriha Kukuruzovi\u0107, Safeta Muratovi\u0107, Sevda Ibri\u010di\u0107, Smaila Kulo, Amira Bajramovi\u0107, E\u0161efa \u010cengi\u0107, Senada D\u017eano, a sekretar \u0161kole Benasa Hod\u017ei\u0107. Radnice na odr\u017eavanju \u010disto\u0107e bile su Mejra Hod\u017ei\u0107 i Hana Ku\u010d, a ekonom Mujesira Ledini\u0107. Nedostatak nastavnika ubla\u017eili su svojim dolaskom: Avdo Torlak, Elzemina Boj\u010di\u0107, Medina Ko\u0161trebi\u0107, Brane Tepav\u010devi\u0107, Gizela Lubura, Aida \u0110apo i Zorica \u0110urasovi\u0107. U januaru 1993. godine Upravni odbor \u0161kole i direktor na inicijativu Savjeta MZ prihvatili su da nastava bude realizirana na punktovima (ul. Francuske revolucije, Marice Uherke i Bjela\u0161ni\u010dka). Nastava je po\u010dela simboli\u010dno 8.3.1993. po skra\u0107enom Godi\u0161njem programu.<\/p>\n<p>Konstantno izlo\u017eeni smrtnoj opasnosti, u\u010denici i njihovi nastavnici svakodnevno su realizirali \u010dasove skriveni u neuslovnim prostorijama. Nikad se nije dogodilo da neko od u\u010denika zakasni, ne nau\u010di lekciju ili ne uradi predvi\u0111eno. Dostojna divljenja bila je \u017eelja svakog djeteta (dvanaestogodi\u0161njaka\u2026) da po\u017eeli napredovati \u0161to vi\u0161e. Na\u017ealost, na jedno pitanje koje je \u017eivjelo u o\u010dima te drage djece, a koje nikad nisu izgovorili: \u201eZa\u0161to se sve ovo doga\u0111a\u201c?, niko od nastavnika nije im mogao odgovoriti. \u0160kolske 1994. godine, direktor na\u0161e \u0161kole bio je Nasuf Memovi\u0107 koji je izuzetno predano obavljao svoju du\u017enost u te\u0161kim uvjetima rada. Direktor Memovi\u0107 je inicijator za nastanak \u0161kolskog lista \u201eMak\u201c, kasnije preimenovanog u \u201eKrin\u201c. U \u0161kolskoj 1995\/96., direktor \u0161kole postaje Ragip Lati\u0107, a zamjenik Arif Ov\u010dina.<\/p>\n<p>Prvi dan \u0161kole u slobodi do\u010dekan je 4. marta 1996. godine. Zahvaljuju\u0107i Nevladinoj organizaciji za pomo\u0107 BiH USAID, 8.9.1996. godine o\u0161te\u0107enja na \u0161kolskom objektu potpuno su sanirana da bi nam prelijepu i modernu \u0161kolu na kori\u0161tenje predao gospodin Craig Buck, direktor USAID-a.<\/p>\n<p>Sloboda je dar, velik i svet, na kojem trebamo zauvijek biti zahvalni svim na\u0161im hrabrim borcima, \u0161ehidima i palim borcima. U znak zahvalnosti 26. juna 1998. godine u dvori\u0161tu na\u0161e \u0161kole uprili\u010deno je otvaranje Spomen[1]obilje\u017eja \u0161ehidima i palim borcima. \u017darko sunce miluje 96 spomen-plo\u010da, nje\u017eno i \u0107utke do bola.<\/p>\n<p>Radosti za u\u010denike i nastavnike nije bilo kraja kada je povodom Dana dr\u017eavnosti 1999. godine, na\u010delnik Op\u0107ine g-din Husein Mahmutovi\u0107 simboli\u010dnim presijecanjem vrpce sve\u010dano predao na upotrebu nastavnicima i u\u010denicima prelijepo sportsko igrali\u0161te.<\/p>\n<p>Renoviranje mokrih \u010dvorova u \u0161kolskom objektu i zamjena dotrajale stolarije obavljena je u martu 2008. goine zahvaljuju\u0107i donaciji Op\u0107ine, na\u010delniku \u0106enanovi\u0107 Ameru. Od 27.3.2008. godine funkciju direktora obavlja Huso Rami\u0107, Sevda Ibri\u010di\u0107 postaje pomo\u0107nica direktora \u0161kole, Almira Muratspahi\u0107 pedagogica \u0161kole, dok je Aida Gibanica psiholog.<\/p>\n<p>Olujni vjetar je 1.12.2008. godine uni\u0161tio skoro cijeli krov na \u0161koli. Velikom po\u017ertvovano\u0161\u0107u zamjenice direktora, Sevde Ibri\u010di\u0107, obezbije\u0111ena je potrebna gra\u0111a za rekonstrukciju objekta, nakon razgovora s nadle\u017enim u Ministarstvu obrazovanja i nauke, op\u0107ine Ilid\u017ea i Uprave CZ.<\/p>\n<p>U septembru 2015. godine, direktorica \u0161kole postaje Elvira Hrustanovi\u0107, a zamjenica Sevda Ibri\u010di\u0107.[\/vc_column_text]<div class=\"sc_line sc_line_style_dashed\" style=\"border-top-style:dashed;\"><\/div>[\/vc_column][\/vc_row]<\/p>\n","protected":false},"excerpt":{"rendered":"<p>[vc_row][vc_column][vc_column_text] Monografija \u0161kole &nbsp; \u0160kola je izgra\u0111ena tokom 1980. godine i sve\u010dano otvorena 9.9.1980. godine kao Podru\u010dna \u0161kola O\u0160 \u201eBranko Radi\u010devi\u0107\u201c. Nastava je realizirana u 10 kabineta u kojim je [&hellip;]<\/p>\n","protected":false},"author":1,"featured_media":0,"parent":0,"menu_order":0,"comment_status":"closed","ping_status":"closed","template":"","meta":{"footnotes":""},"class_list":["post-1090","page","type-page","status-publish","hentry"],"_links":{"self":[{"href":"https:\/\/ospeta.edu.ba\/bs\/wp-json\/wp\/v2\/pages\/1090","targetHints":{"allow":["GET"]}}],"collection":[{"href":"https:\/\/ospeta.edu.ba\/bs\/wp-json\/wp\/v2\/pages"}],"about":[{"href":"https:\/\/ospeta.edu.ba\/bs\/wp-json\/wp\/v2\/types\/page"}],"author":[{"embeddable":true,"href":"https:\/\/ospeta.edu.ba\/bs\/wp-json\/wp\/v2\/users\/1"}],"replies":[{"embeddable":true,"href":"https:\/\/ospeta.edu.ba\/bs\/wp-json\/wp\/v2\/comments?post=1090"}],"version-history":[{"count":5,"href":"https:\/\/ospeta.edu.ba\/bs\/wp-json\/wp\/v2\/pages\/1090\/revisions"}],"predecessor-version":[{"id":1529,"href":"https:\/\/ospeta.edu.ba\/bs\/wp-json\/wp\/v2\/pages\/1090\/revisions\/1529"}],"wp:attachment":[{"href":"https:\/\/ospeta.edu.ba\/bs\/wp-json\/wp\/v2\/media?parent=1090"}],"curies":[{"name":"wp","href":"https:\/\/api.w.org\/{rel}","templated":true}]}}